{"id":13963,"date":"2021-11-19T07:16:15","date_gmt":"2021-11-19T07:16:15","guid":{"rendered":"https:\/\/loikkakopla.pilardev.fi\/tilaa\/"},"modified":"2025-06-17T08:01:17","modified_gmt":"2025-06-17T08:01:17","slug":"tilaa","status":"publish","type":"page","link":"https:\/\/loikkakopla.pilardev.fi\/en\/tilaa\/","title":{"rendered":"Tilaa Loikkakopla"},"content":{"rendered":"\n\t<section class=\"section\" id=\"section_1305838629\">\n\t\t<div class=\"section-bg fill\" >\n\t\t\t<img loading=\"lazy\" decoding=\"async\" width=\"2802\" height=\"1356\" src=\"https:\/\/loikkakopla.pilardev.fi\/wp-content\/uploads\/2024\/08\/Nayttokuva-2024-08-13-kello-12.15.07.png\" class=\"bg attachment- size-\" alt=\"\" \/>\t\t\t\t\t\t<div class=\"section-bg-overlay absolute fill\"><\/div>\n\t\t\t\n\n\t\t<\/div>\n\n\t\t\n\n\t\t<div class=\"section-content relative\">\n\t\t\t\n<div class=\"row align-equal align-center\"  id=\"row-2057834201\">\n\n\t<div id=\"col-181042385\" class=\"col small-12 large-12\"  >\n\t\t\t\t<div class=\"col-inner\"  >\n\t\t\t\n\t\t\t\n\t<div id=\"text-2256242993\" class=\"text\">\n\t\t\n<h1 class=\"lead\" data-line-height=\"s\"><span style=\"font-size: 170%;\" data-line-height=\"xs\">TILAA LOIKKAKOPLA<\/span><\/h1>\n<p><span style=\"font-size: 150%;\">T\u00e4yt\u00e4 alla oleva lomake, niin l\u00e4het\u00e4mme teille allekirjoittettavaksi puitesopimuksen.<\/span><\/p>\n\t\t\n<style>\n#text-2256242993 {\n  font-size: 1.1rem;\n  text-align: center;\n  color: rgb(255, 255, 255);\n}\n#text-2256242993 > * {\n  color: rgb(255, 255, 255);\n}\n@media (min-width:550px) {\n  #text-2256242993 {\n    font-size: 1.5rem;\n  }\n}\n<\/style>\n\t<\/div>\n\t\n\t\t<\/div>\n\t\t\t\t\t<\/div>\n\n\t\n<\/div>\n\t\t<\/div>\n\n\t\t\n<style>\n#section_1305838629 {\n  padding-top: 30px;\n  padding-bottom: 30px;\n  min-height: 300px;\n}\n#section_1305838629 .section-bg-overlay {\n  background-color: rgba(0, 0, 0, 0.174);\n}\n@media (min-width:550px) {\n  #section_1305838629 {\n    min-height: 400px;\n  }\n}\n<\/style>\n\t<\/section>\n\t\n\n\t<section class=\"section dark has-mask mask-arrow\" id=\"section_306362625\">\n\t\t<div class=\"section-bg fill\" >\n\t\t\t\t\t\t\t\t\t<div class=\"section-bg-overlay absolute fill\"><\/div>\n\t\t\t\n\n\t\t<\/div>\n\n\t\t\n\n\t\t<div class=\"section-content relative\">\n\t\t\t\n<div class=\"row\"  id=\"row-777015298\">\n\n\t<div id=\"col-1849614163\" class=\"col small-12 large-12\"  >\n\t\t\t\t<div class=\"col-inner\" style=\"background-color:rgba(255, 255, 255, 0.901);\" >\n\t\t\t\n\t\t\t\n<div class=\"row align-center\"  id=\"row-2030459001\">\n\n\t<div id=\"col-862006533\" class=\"col medium-11 small-10 large-10\"  >\n\t\t\t\t<div class=\"col-inner text-center\"  >\n\t\t\t\n\t\t\t\n\t<div id=\"text-462544328\" class=\"text\">\n\t\t\n<p><span style=\"font-size: 150%;\">T\u00e4yt\u00e4 alla oleva lomake, niin saat s\u00e4hk\u00f6postiin palvelusopimuksen, jonka allekirjoittamisen j\u00e4lkeen meid\u00e4n on mahdollista toimittaa Teille Loikkakopla-sovellusta ja sen ohjaajien koulutuksen sek\u00e4 Parkourpolku-ty\u00f6kirjoja ja Loikkakasseja.<\/span><\/p>\n<ul>\n<li><span style=\"font-size: 150%;\">Lomakkeella voit tilata puitesopimuksen joko ryhm\u00e4kohtaiseen toteutukseen (hinta per ryhm\u00e4) tai kumppanuuteen (rajaton k\u00e4ytt\u00f6oikeus vuosimaksulla).<\/span><\/li>\n<li><span style=\"font-size: 150%;\"><strong>T\u00e4ss\u00e4 vaiheessa sinun ei viel\u00e4 tarvitse tiet\u00e4\u00e4 tilauksen yksityiskohtia, <\/strong>kuten Loikkakoplan avulla j\u00e4rjestett\u00e4vien parkour-ryhmien m\u00e4\u00e4r\u00e4\u00e4 tai aikoja tai muiden tuotteiden tilausm\u00e4\u00e4ri\u00e4.<\/span><\/li>\n<li><span style=\"font-size: 150%;\">Puitesopimus sitoo teit\u00e4 tilaamaan Loikkakoplan ainostaan ainakin yhden ryhm\u00e4n k\u00e4ytt\u00f6\u00f6n valitsemillesi lukukausille. <\/span><\/li>\n<li><span style=\"font-size: 150%;\">Teemme alla olevan lomakkeella l\u00e4hett\u00e4miesi tietojen perusteella sopimuksen ja <strong>kysymme ryhmien tiedot Sinulta my\u00f6hemmin.<\/strong><\/span><\/li>\n<\/ul>\n<div class=\"forminator-ui forminator-custom-form forminator-custom-form-6589 forminator-design--default  forminator_ajax\" data-forminator-render=\"0\" data-form=\"forminator-module-6589\" data-uid=\"69fd34cc61587\"><br\/><\/div><form\n\t\t\t\tid=\"forminator-module-6589\"\n\t\t\t\tclass=\"forminator-ui forminator-custom-form forminator-custom-form-6589 forminator-design--default  forminator_ajax\"\n\t\t\t\tmethod=\"post\"\n\t\t\t\tdata-forminator-render=\"0\"\n\t\t\t\tdata-form-id=\"6589\"\n\t\t\t\t data-color-option=\"default\" data-design=\"default\" data-grid=\"open\" style=\"display: none;\"\n\t\t\t\tdata-uid=\"69fd34cc61587\"\n\t\t\t><div role=\"alert\" aria-live=\"polite\" class=\"forminator-response-message forminator-error\" aria-hidden=\"true\"><\/div><div class=\"forminator-row\"><div id=\"name-1\" class=\"forminator-field-name forminator-col forminator-col-12 \"><div class=\"forminator-row forminator-no-margin\" data-multiple=\"true\"><div class=\"forminator-col forminator-col-md-6\"><div class=\"forminator-field\"><label for=\"forminator-field-first-name-1_69fd34cc61587\" id=\"forminator-field-first-name-1_69fd34cc61587-label\" class=\"forminator-label\">Lomakkeen t\u00e4ytt\u00e4j\u00e4n (yhteyshenkil\u00f6mme) sukunimi <span class=\"forminator-required\">*<\/span><\/label><input type=\"text\" name=\"name-1-first-name\" placeholder=\"\" id=\"forminator-field-first-name-1_69fd34cc61587\" class=\"forminator-input\" aria-required=\"true\" data-multi=\"1\" autocomplete=\"given-name\" value=\"\" \/><\/div><\/div><div class=\"forminator-col forminator-col-md-6\"><div class=\"forminator-field\"><label for=\"forminator-field-last-name-1_69fd34cc61587\" id=\"forminator-field-last-name-1_69fd34cc61587-label\" class=\"forminator-label\">Lomakkeen t\u00e4ytt\u00e4j\u00e4n (yhteyshenkil\u00f6mme) etunimi <span class=\"forminator-required\">*<\/span><\/label><input type=\"text\" name=\"name-1-last-name\" placeholder=\"\" id=\"forminator-field-last-name-1_69fd34cc61587\" class=\"forminator-input\" aria-required=\"true\" data-multi=\"1\" autocomplete=\"family-name\" value=\"\" \/><\/div><\/div><\/div><\/div><\/div><div class=\"forminator-row\"><div id=\"text-1\" class=\"forminator-field-text forminator-col forminator-col-4 \"><div class=\"forminator-field\"><label for=\"forminator-field-text-1_69fd34cc61587\" id=\"forminator-field-text-1_69fd34cc61587-label\" class=\"forminator-label\">Lomakkeen t\u00e4ytt\u00e4j\u00e4n ty\u00f6nimike\/titteli <span class=\"forminator-required\">*<\/span><\/label><input type=\"text\" name=\"text-1\" value=\"\" placeholder=\"\" id=\"forminator-field-text-1_69fd34cc61587\" class=\"forminator-input forminator-name--field\" data-required=\"1\" \/><\/div><\/div><div id=\"phone-1\" class=\"forminator-field-phone forminator-col forminator-col-4 \"><div class=\"forminator-field\"><label for=\"forminator-field-phone-1_69fd34cc61587\" id=\"forminator-field-phone-1_69fd34cc61587-label\" class=\"forminator-label\">Lomakkeen t\u00e4ytt\u00e4j\u00e4n puhelinnumero <span class=\"forminator-required\">*<\/span><\/label><input type=\"text\" name=\"phone-1\" value=\"\" placeholder=\"\" id=\"forminator-field-phone-1_69fd34cc61587\" class=\"forminator-input forminator-field--phone\" data-required=\"1\" aria-required=\"true\" autocomplete=\"off\" \/><\/div><\/div><div id=\"email-1\" class=\"forminator-field-email forminator-col forminator-col-4 \"><div class=\"forminator-field\"><label for=\"forminator-field-email-1_69fd34cc61587\" id=\"forminator-field-email-1_69fd34cc61587-label\" class=\"forminator-label\">Lomakkeen t\u00e4ytt\u00e4j\u00e4n s\u00e4hk\u00f6posti <span class=\"forminator-required\">*<\/span><\/label><input type=\"email\" name=\"email-1\" value=\"\" placeholder=\"\" id=\"forminator-field-email-1_69fd34cc61587\" class=\"forminator-input forminator-email--field\" data-required=\"1\" aria-required=\"true\" autocomplete=\"email\" \/><\/div><\/div><\/div><div class=\"forminator-row\"><div id=\"text-2\" class=\"forminator-field-text forminator-col forminator-col-12 \"><div class=\"forminator-field\"><label for=\"forminator-field-text-2_69fd34cc61587\" id=\"forminator-field-text-2_69fd34cc61587-label\" class=\"forminator-label\">Kunta tai organisaatio, joka tekee tilauksen <span class=\"forminator-required\">*<\/span><\/label><input type=\"text\" name=\"text-2\" value=\"\" placeholder=\"\" id=\"forminator-field-text-2_69fd34cc61587\" class=\"forminator-input forminator-name--field\" data-required=\"1\" maxlength=\"60\" \/><span id=\"forminator-field-text-2_69fd34cc61587-description\" class=\"forminator-description\"><span data-limit=\"60\" data-type=\"characters\">0 \/ 60<\/span><\/span><\/div><\/div><\/div><div class=\"forminator-row\"><div id=\"radio-1\" class=\"forminator-field-radio forminator-col forminator-col-12 \"><div role=\"radiogroup\" class=\"forminator-field\" aria-labelledby=\"forminator-radiogroup-radio-1-69fd34cc61587-label\" aria-describedby=\"forminator-radiogroup-radio-1-69fd34cc61587-description\"><span id=\"forminator-radiogroup-radio-1-69fd34cc61587-label\" class=\"forminator-label\">Oletko sin\u00e4 se henkil\u00f6, joka allekirjoittaa sopimuksen? <span class=\"forminator-required\">*<\/span><\/span><label id=\"forminator-field-radio-1-label-1\" for=\"forminator-field-radio-1-1-69fd34cc61587\" class=\"forminator-radio\" title=\"Kyll\u00e4 olen\"><input type=\"radio\" name=\"radio-1\" value=\"Kyll\u00e4-olen\" id=\"forminator-field-radio-1-1-69fd34cc61587\" aria-labelledby=\"forminator-field-radio-1-label-1\" data-calculation=\"0\"   aria-describedby=\"forminator-field-radio-1-69fd34cc61587-description\"\/><span class=\"forminator-radio-bullet\" aria-hidden=\"true\"><\/span><span class=\"forminator-radio-label\">Kyll\u00e4 olen<\/span><\/label><label id=\"forminator-field-radio-1-label-2\" for=\"forminator-field-radio-1-2-69fd34cc61587\" class=\"forminator-radio\" title=\"Sopimuksen allekirjoittaa toinen\"><input type=\"radio\" name=\"radio-1\" value=\"Sopimuksen-allekirjoittaa-toinen\" id=\"forminator-field-radio-1-2-69fd34cc61587\" aria-labelledby=\"forminator-field-radio-1-label-2\" data-calculation=\"0\"   aria-describedby=\"forminator-field-radio-1-69fd34cc61587-description\"\/><span class=\"forminator-radio-bullet\" aria-hidden=\"true\"><\/span><span class=\"forminator-radio-label\">Sopimuksen allekirjoittaa toinen<\/span><\/label><span id=\"forminator-radiogroup-radio-1-69fd34cc61587-description\" class=\"forminator-description\">Tilauslomakkeen t\u00e4ytt\u00e4misen ja l\u00e4hett\u00e4misen j\u00e4lkeen l\u00e4het\u00e4mme teille allekirjoitettavaksi sopimuksen (puite- eli palvelusopimus)<\/span><\/div><\/div><\/div><div class=\"forminator-row\"><div id=\"name-2\" class=\"forminator-field-name forminator-col forminator-col-12 \"><div class=\"forminator-row forminator-no-margin\" data-multiple=\"true\"><div class=\"forminator-col forminator-col-md-6\"><div class=\"forminator-field\"><label for=\"forminator-field-first-name-2_69fd34cc61587\" id=\"forminator-field-first-name-2_69fd34cc61587-label\" class=\"forminator-label\">Allekirjotitajan etunimi<\/label><input type=\"text\" name=\"name-2-first-name\" placeholder=\"\" id=\"forminator-field-first-name-2_69fd34cc61587\" class=\"forminator-input\" aria-required=\"false\" data-multi=\"1\" autocomplete=\"given-name\" value=\"\" \/><\/div><\/div><div class=\"forminator-col forminator-col-md-6\"><div class=\"forminator-field\"><label for=\"forminator-field-last-name-2_69fd34cc61587\" id=\"forminator-field-last-name-2_69fd34cc61587-label\" class=\"forminator-label\">Allekirjoittajan sukunimi<\/label><input type=\"text\" name=\"name-2-last-name\" placeholder=\"\" id=\"forminator-field-last-name-2_69fd34cc61587\" class=\"forminator-input\" aria-required=\"false\" data-multi=\"1\" autocomplete=\"family-name\" value=\"\" \/><\/div><\/div><\/div><\/div><\/div><div class=\"forminator-row\"><div id=\"text-3\" class=\"forminator-field-text forminator-col forminator-col-4 \"><div class=\"forminator-field\"><label for=\"forminator-field-text-3_69fd34cc61587\" id=\"forminator-field-text-3_69fd34cc61587-label\" class=\"forminator-label\">Allekirjoittajan titteli \/ ty\u00f6nimike<\/label><input type=\"text\" name=\"text-3\" value=\"\" placeholder=\"\" id=\"forminator-field-text-3_69fd34cc61587\" class=\"forminator-input forminator-name--field\" data-required=\"\" \/><\/div><\/div><div id=\"phone-2\" class=\"forminator-field-phone forminator-col forminator-col-4 \"><div class=\"forminator-field\"><label for=\"forminator-field-phone-2_69fd34cc61587\" id=\"forminator-field-phone-2_69fd34cc61587-label\" class=\"forminator-label\">Allekirjoittajan puhelinnumero<\/label><input type=\"text\" name=\"phone-2\" value=\"\" placeholder=\"\" id=\"forminator-field-phone-2_69fd34cc61587\" class=\"forminator-input forminator-field--phone\" data-required=\"\" aria-required=\"false\" autocomplete=\"off\" \/><\/div><\/div><div id=\"email-2\" class=\"forminator-field-email forminator-col forminator-col-4 \"><div class=\"forminator-field\"><label for=\"forminator-field-email-2_69fd34cc61587\" id=\"forminator-field-email-2_69fd34cc61587-label\" class=\"forminator-label\">Allekirjoittajan s\u00e4hk\u00f6posti<\/label><input type=\"email\" name=\"email-2\" value=\"\" placeholder=\"\" id=\"forminator-field-email-2_69fd34cc61587\" class=\"forminator-input forminator-email--field\" data-required=\"\" aria-required=\"false\" autocomplete=\"email\" \/><\/div><\/div><\/div><div class=\"forminator-row\"><div id=\"select-1\" class=\"forminator-field-select forminator-col forminator-col-12 \"><div class=\"forminator-field\"><label for=\"forminator-form-6589__field--select-1_69fd34cc61587\" id=\"forminator-form-6589__field--select-1_69fd34cc61587-label\" class=\"forminator-label\">Mink\u00e4 sopimuksen tilaat? <span class=\"forminator-required\">*<\/span><\/label><select  id=\"forminator-form-6589__field--select-1_69fd34cc61587\" class=\"forminator-select--field forminator-select2 forminator-select2-multiple\" data-required=\"1\" name=\"select-1\" data-default-value=\"Puitesopimus-Kev\u00e4\u00e4lle-2024\" data-placeholder=\"Please select an option\" data-search=\"false\" data-search-placeholder=\"Please select an option\" data-checkbox=\"false\" data-allow-clear=\"false\" aria-labelledby=\"forminator-form-6589__field--select-1_69fd34cc61587-label\"><option value=\"\"  >Please select an option<\/option><option value=\"Puitesopimus-Kev\u00e4\u00e4lle-2024\" selected=\"selected\" data-calculation=\"0\">Puitesopimus Syksylle 2025 ja kev\u00e4\u00e4lle 2026<\/option><option value=\"Loikkakopla-kumppanuus\"  data-calculation=\"0\">Loikkakopla kumppanuus<\/option><option value=\"Puitesopimus-syksylle-2024\"  data-calculation=\"0\">Puitesopimus syksylle 2025<\/option><option value=\"Puitesopimus-kev\u00e4\u00e4lle-2025\"  data-calculation=\"0\">Puitesopimus kev\u00e4\u00e4lle 2026<\/option><\/select><\/div><\/div><\/div><div class=\"forminator-row\"><div id=\"textarea-1\" class=\"forminator-field-textarea forminator-col forminator-col-12 \"><div class=\"forminator-field\"><label for=\"forminator-field-textarea-1_69fd34cc61587\" id=\"forminator-field-textarea-1_69fd34cc61587-label\" class=\"forminator-label\">Muita huomioita<\/label><textarea name=\"textarea-1\" placeholder=\"Mahdollisia lis\u00e4tietoja voi kirjoittaa t\u00e4h\u00e4n.\" id=\"forminator-field-textarea-1_69fd34cc61587\" class=\"forminator-textarea\" rows=\"6\" style=\"min-height:140px;\" ><\/textarea><\/div><\/div><\/div><div class=\"forminator-row\"><div id=\"captcha-1\" class=\"forminator-field-captcha forminator-col forminator-col-12 \"><div class=\"forminator-captcha-left forminator-g-recaptcha\" data-theme=\"light\"  data-sitekey=\"6Ldh3KQrAAAAAMHgA9FnqzxzULW6C41vacgfO1jH\" data-size=\"normal\"><\/div> <\/div><\/div><input type=\"hidden\" name=\"referer_url\" value=\"\" \/><div class=\"forminator-row forminator-row-last\"><div class=\"forminator-col\"><div class=\"forminator-field\"><button class=\"forminator-button forminator-button-submit\">L&auml;het&auml; tilaus<\/button><\/div><\/div><\/div><input type=\"hidden\" id=\"forminator_nonce\" name=\"forminator_nonce\" value=\"b7b03ebda2\" \/><input type=\"hidden\" name=\"_wp_http_referer\" value=\"\/en\/wp-json\/wp\/v2\/pages\/13963\" \/><input type=\"hidden\" name=\"form_id\" value=\"6589\"><input type=\"hidden\" name=\"page_id\" value=\"13963\"><input type=\"hidden\" name=\"form_type\" value=\"default\"><input type=\"hidden\" name=\"current_url\" value=\"https:\/\/loikkakopla.pilardev.fi\/en\/tilaa\/\"><input type=\"hidden\" name=\"render_id\" value=\"0\"><input type=\"hidden\" name=\"action\" value=\"forminator_submit_form_custom-forms\"><\/form>\n<p>\u00a0<\/p>\n\t\t\n<style>\n#text-462544328 {\n  font-size: 0.9rem;\n  text-align: left;\n  color: rgb(0, 0, 0);\n}\n#text-462544328 > * {\n  color: rgb(0, 0, 0);\n}\n<\/style>\n\t<\/div>\n\t\n\t<div id=\"gap-432449532\" class=\"gap-element clearfix\" style=\"display:block; height:auto;\">\n\t\t\n<style>\n#gap-432449532 {\n  padding-top: 40px;\n}\n<\/style>\n\t<\/div>\n\t\n\t\t<\/div>\n\t\t\t\t\n<style>\n#col-862006533 > .col-inner {\n  padding: 50px 0px 10px 0px;\n  margin: 0px 0px -10px 0px;\n}\n<\/style>\n\t<\/div>\n\n\t\n\n<style>\n#row-2030459001 > .col > .col-inner {\n  padding: 20px 20px 20px 20px;\n}\n<\/style>\n<\/div>\n\t\t<\/div>\n\t\t\t\t\t<\/div>\n\n\t\n<\/div>\n\t\t<\/div>\n\n\t\t\n<style>\n#section_306362625 {\n  padding-top: 60px;\n  padding-bottom: 60px;\n  background-color: rgb(39, 54, 71);\n}\n#section_306362625 .section-bg-overlay {\n  background-color: rgba(150, 150, 150, 0.18);\n}\n<\/style>\n\t<\/section>\n\t\n","protected":false},"excerpt":{"rendered":"","protected":false},"author":8,"featured_media":0,"parent":0,"menu_order":291,"comment_status":"closed","ping_status":"closed","template":"page-blank.php","meta":{"_acf_changed":false,"pmpro_default_level":"","footnotes":""},"acf":[],"_links":{"self":[{"href":"https:\/\/loikkakopla.pilardev.fi\/en\/wp-json\/wp\/v2\/pages\/13963"}],"collection":[{"href":"https:\/\/loikkakopla.pilardev.fi\/en\/wp-json\/wp\/v2\/pages"}],"about":[{"href":"https:\/\/loikkakopla.pilardev.fi\/en\/wp-json\/wp\/v2\/types\/page"}],"author":[{"embeddable":true,"href":"https:\/\/loikkakopla.pilardev.fi\/en\/wp-json\/wp\/v2\/users\/8"}],"replies":[{"embeddable":true,"href":"https:\/\/loikkakopla.pilardev.fi\/en\/wp-json\/wp\/v2\/comments?post=13963"}],"version-history":[{"count":26,"href":"https:\/\/loikkakopla.pilardev.fi\/en\/wp-json\/wp\/v2\/pages\/13963\/revisions"}],"predecessor-version":[{"id":22561,"href":"https:\/\/loikkakopla.pilardev.fi\/en\/wp-json\/wp\/v2\/pages\/13963\/revisions\/22561"}],"wp:attachment":[{"href":"https:\/\/loikkakopla.pilardev.fi\/en\/wp-json\/wp\/v2\/media?parent=13963"}],"curies":[{"name":"wp","href":"https:\/\/api.w.org\/{rel}","templated":true}]}}