{"id":13976,"date":"2021-08-03T19:44:16","date_gmt":"2021-08-03T19:44:16","guid":{"rendered":"https:\/\/loikkakopla.pilardev.fi\/kirjautuminen\/"},"modified":"2023-06-02T11:07:24","modified_gmt":"2023-06-02T11:07:24","slug":"kirjautuminen","status":"publish","type":"page","link":"https:\/\/loikkakopla.pilardev.fi\/en\/kirjautuminen\/","title":{"rendered":"Kirjautuminen"},"content":{"rendered":"\n\t<section class=\"section\" id=\"section_1575926495\">\n\t\t<div class=\"section-bg fill\" >\n\t\t\t<img loading=\"lazy\" decoding=\"async\" width=\"1920\" height=\"1080\" src=\"https:\/\/loikkakopla.pilardev.fi\/wp-content\/uploads\/2021\/08\/Loikkakopla_kirjaudu.jpg\" class=\"bg attachment-original size-original\" alt=\"\" \/>\t\t\t\t\t\t\n\t\t\t\n\t<div class=\"is-border\"\n\t\tstyle=\"border-width:0px 0px 0px 0px;margin:0p 0px 0px 0px;\">\n\t<\/div>\n\n\t\t<\/div>\n\n\t\t\n\n\t\t<div class=\"section-content relative\">\n\t\t\t\n<div class=\"row align-middle align-center\" style=\"max-width:811px\" id=\"row-1670908653\">\n\n\t<div id=\"col-1901282156\" class=\"col small-12 large-12\"  >\n\t\t\t\t<div class=\"col-inner\"  >\n\t\t\t\n\t\t\t\n<p><img loading=\"lazy\" decoding=\"async\" class=\"wp-image-2721 size-full aligncenter\" src=\"https:\/\/loikkakopla.pilardev.fi\/wp-content\/uploads\/2021\/08\/Loikkakopla_Logo_Orange-e1630010680506.png\" alt=\"\" width=\"1921\" height=\"480\" srcset=\"https:\/\/loikkakopla.pilardev.fi\/wp-content\/uploads\/2021\/08\/Loikkakopla_Logo_Orange-e1630010680506.png 1921w, https:\/\/loikkakopla.pilardev.fi\/wp-content\/uploads\/2021\/08\/Loikkakopla_Logo_Orange-e1630010680506-300x75.png 300w, https:\/\/loikkakopla.pilardev.fi\/wp-content\/uploads\/2021\/08\/Loikkakopla_Logo_Orange-e1630010680506-1024x256.png 1024w, https:\/\/loikkakopla.pilardev.fi\/wp-content\/uploads\/2021\/08\/Loikkakopla_Logo_Orange-e1630010680506-768x192.png 768w, https:\/\/loikkakopla.pilardev.fi\/wp-content\/uploads\/2021\/08\/Loikkakopla_Logo_Orange-e1630010680506-1536x384.png 1536w\" sizes=\"(max-width: 1921px) 100vw, 1921px\" \/><\/p>\n\t\t<\/div>\n\t\t\t\t\t<\/div>\n\n\t\n<\/div>\n<div class=\"row align-middle align-center\" style=\"max-width:500px\" id=\"row-707546050\">\n\n\t<div id=\"col-2128225081\" class=\"col medium-9 small-12 large-9\"  >\n\t\t\t\t<div class=\"col-inner\"  >\n\t\t\t\n\t\t\t\n\t<div id=\"text-128027426\" class=\"text\">\n\t\t\n<div class=\"forminator-ui forminator-custom-form forminator-custom-form-1658 forminator-design--flat forminator-custom forminator_ajax\" data-forminator-render=\"0\" data-form=\"forminator-module-1658\" data-uid=\"69fd2843a1e8d\"><br\/><\/div><form\n\t\t\t\tid=\"forminator-module-1658\"\n\t\t\t\tclass=\"forminator-ui forminator-custom-form forminator-custom-form-1658 forminator-design--flat forminator-custom forminator_ajax\"\n\t\t\t\tmethod=\"post\"\n\t\t\t\tdata-forminator-render=\"0\"\n\t\t\t\tdata-form-id=\"1658\"\n\t\t\t\t data-color-option=\"default\" data-design=\"flat\" data-grid=\"custom\" style=\"display: none;\"\n\t\t\t\tdata-uid=\"69fd2843a1e8d\"\n\t\t\t><div role=\"alert\" aria-live=\"polite\" class=\"forminator-response-message forminator-error\" aria-hidden=\"true\"><\/div><div class=\"forminator-row\"><div id=\"text-1\" class=\"forminator-field-text forminator-col forminator-col-12 \"><div class=\"forminator-field\"><label for=\"forminator-field-text-1_69fd2843a1e8d\" id=\"forminator-field-text-1_69fd2843a1e8d-label\" class=\"forminator-label\">K\u00e4ytt\u00e4j\u00e4<\/label><input type=\"text\" name=\"text-1\" value=\"\" placeholder=\"K\u00c4YTT\u00c4J\u00c4\" id=\"forminator-field-text-1_69fd2843a1e8d\" class=\"forminator-input forminator-name--field\" data-required=\"\" \/><\/div><\/div><\/div><div class=\"forminator-row\"><div id=\"password-1\" class=\"forminator-field-password forminator-col forminator-col-12 \"><div class=\"forminator-field\"><label for=\"forminator-field-password-1_69fd2843a1e8d\" id=\"forminator-field-password-1_69fd2843a1e8d-label\" class=\"forminator-label\">SALASANA<\/label><input name=\"password-1\" value=\"\" placeholder=\"SALASANA\" id=\"forminator-field-password-1_69fd2843a1e8d\" class=\"forminator-input forminator-name--field\" data-required=\"\" type=\"password\" \/><\/div><\/div><\/div><input type=\"hidden\" name=\"referer_url\" value=\"\" \/><div class=\"forminator-row forminator-row-last\"><div class=\"forminator-col\"><div class=\"forminator-field\"><button class=\"forminator-button forminator-button-submit\">KIRJAUDU<\/button><\/div><\/div><\/div><input type=\"hidden\" id=\"forminator_nonce\" name=\"forminator_nonce\" value=\"d8fa1d784e\" \/><input type=\"hidden\" name=\"_wp_http_referer\" value=\"\/en\/wp-json\/wp\/v2\/pages\/13976\" \/><input type=\"hidden\" name=\"form_id\" value=\"1658\"><input type=\"hidden\" name=\"page_id\" value=\"13976\"><input type=\"hidden\" name=\"form_type\" value=\"login\"><input type=\"hidden\" name=\"current_url\" value=\"https:\/\/loikkakopla.pilardev.fi\/en\/kirjautuminen\/\"><input type=\"hidden\" name=\"render_id\" value=\"0\"><input type=\"hidden\" name=\"redirect_to\" value=\"https:\/\/loikkakopla.pilardev.fi\/etusivu\"><input type=\"hidden\" name=\"action\" value=\"forminator_submit_form_custom-forms\"><\/form>\n\t\t\n<style>\n#text-128027426 {\n  color: rgb(0, 0, 0);\n}\n#text-128027426 > * {\n  color: rgb(0, 0, 0);\n}\n<\/style>\n\t<\/div>\n\t\n<p><img loading=\"lazy\" decoding=\"async\" class=\"alignnonewp-image-1929\" src=\"https:\/\/loikkakopla.pilardev.fi\/wp-content\/uploads\/2021\/08\/Kayttajatunnus_logo-removebg-preview.png\" alt=\"\" width=\"115\" height=\"80\" \/><\/p>\n<p><img loading=\"lazy\" decoding=\"async\" class=\"alignnonewp-image-1950\" src=\"https:\/\/loikkakopla.pilardev.fi\/wp-content\/uploads\/2021\/08\/Kirjautuminen_lukko-removebg-preview.png\" alt=\"\" width=\"115\" height=\"80\" \/><\/p>\n\t\t<\/div>\n\t\t\t\t\t<\/div>\n\n\t\n<\/div>\n<div class=\"row\" style=\"max-width:500px\" id=\"row-2100075323\">\n\n\t<div id=\"col-356728432\" class=\"col medium-11 small-12 large-11\"  >\n\t\t\t\t<div class=\"col-inner\"  >\n\t\t\t\n\t\t\t\n\t<div id=\"text-935421372\" class=\"text\">\n\t\t\n<p><span style=\"font-size: 150%;\">Eik\u00f6 sinulla viel\u00e4 ole kirjautumistunnuksia? <a href=\"https:\/\/loikkakopla.pilardev.fi\/tietoa\">Lue lis\u00e4\u00e4 Loikkakoplasta ja tilaa testitunnukset\u00a0\u00a0<\/a><\/span><br \/>\n\t\t\n<style>\n#text-935421372 {\n  text-align: center;\n  color: rgb(255, 255, 255);\n}\n#text-935421372 > * {\n  color: rgb(255, 255, 255);\n}\n<\/style>\n\t<\/div>\n\t\n\t<div id=\"text-3089033353\" class=\"text\">\n\t\t\n<p><span style=\"font-size: 120%;\">Onko sinulla kysytt\u00e4v\u00e4\u00e4 Loikkakoplasta? Ota yhteytt\u00e4 asiakkuusp\u00e4\u00e4llikk\u00f6\u00f6mme Rasmus Kuvajaan: 050 5533442, rasmus.kuvaja (\u00e4t) parkourakatemia.fi<\/span><\/p>\n\t\t\n<style>\n#text-3089033353 {\n  text-align: center;\n}\n<\/style>\n\t<\/div>\n\t\n\t\t<\/div>\n\t\t\t\t\n<style>\n#col-356728432 > .col-inner {\n  margin: -170px 0px 0px 0px;\n}\n<\/style>\n\t<\/div>\n\n\t\n<\/div>\n\t\t<\/div>\n\n\t\t\n<style>\n#section_1575926495 {\n  padding-top: 100px;\n  padding-bottom: 100px;\n}\n#section_1575926495 .section-bg img {\n  object-position: 52% 99%;\n}\n@media (min-width:550px) {\n  #section_1575926495 {\n    padding-top: 0px;\n    padding-bottom: 0px;\n  }\n}\n<\/style>\n\t<\/section>\n\t\n","protected":false},"excerpt":{"rendered":"","protected":false},"author":1,"featured_media":0,"parent":0,"menu_order":246,"comment_status":"closed","ping_status":"closed","template":"page-blank-landingpage.php","meta":{"_acf_changed":false,"pmpro_default_level":"","footnotes":""},"acf":[],"_links":{"self":[{"href":"https:\/\/loikkakopla.pilardev.fi\/en\/wp-json\/wp\/v2\/pages\/13976"}],"collection":[{"href":"https:\/\/loikkakopla.pilardev.fi\/en\/wp-json\/wp\/v2\/pages"}],"about":[{"href":"https:\/\/loikkakopla.pilardev.fi\/en\/wp-json\/wp\/v2\/types\/page"}],"author":[{"embeddable":true,"href":"https:\/\/loikkakopla.pilardev.fi\/en\/wp-json\/wp\/v2\/users\/1"}],"replies":[{"embeddable":true,"href":"https:\/\/loikkakopla.pilardev.fi\/en\/wp-json\/wp\/v2\/comments?post=13976"}],"version-history":[{"count":4,"href":"https:\/\/loikkakopla.pilardev.fi\/en\/wp-json\/wp\/v2\/pages\/13976\/revisions"}],"predecessor-version":[{"id":17436,"href":"https:\/\/loikkakopla.pilardev.fi\/en\/wp-json\/wp\/v2\/pages\/13976\/revisions\/17436"}],"wp:attachment":[{"href":"https:\/\/loikkakopla.pilardev.fi\/en\/wp-json\/wp\/v2\/media?parent=13976"}],"curies":[{"name":"wp","href":"https:\/\/api.w.org\/{rel}","templated":true}]}}